{"id":14321,"date":"2020-09-25T20:28:32","date_gmt":"2020-09-25T18:28:32","guid":{"rendered":"https:\/\/www.icdefilippovillanova.edu.it\/archivio\/?page_id=14321"},"modified":"2023-09-04T16:58:39","modified_gmt":"2023-09-04T14:58:39","slug":"dichiarazione-di-accessibilita","status":"publish","type":"page","link":"https:\/\/www.icdefilippovillanova.edu.it\/archivio\/dichiarazione-di-accessibilita\/","title":{"rendered":"Dichiarazione di accessibilit\u00e0"},"content":{"rendered":"<p><a href=\"https:\/\/form.agid.gov.it\/view\/80d97e8c-e1cb-4479-a643-75dca24216c8\">Dichiarazione di accessibilit\u00e0 2022<\/a><\/p>\n<p><span style=\"color: #000080;\"><a style=\"color: #000080;\" href=\"https:\/\/form.agid.gov.it\/view\/ddd8b41f-2540-40bf-b00d-36d023b65bb4\">Dichiarazione di accessibilit\u00e0 2023<\/a><\/span><\/p>\n<p><a href=\"https:\/\/form.agid.gov.it\/view\/9c204712-12f7-4f2d-b8cb-ca313ec218a4\"><span style=\"color: #000080;\">Obiettivi di accessibilit\u00e0 sito 2023<\/span><\/a><\/p>\n<p><a href=\"https:\/\/form.agid.gov.it\/view\/451d5880-69eb-4605-abf7-cbc2d502a5d6\"><span style=\"background-color: #ffffff; color: #000080;\">Dichiarazione di accessibilit\u00e0 2024<\/span><\/a><\/p>\n<p><a href=\"https:\/\/form.agid.gov.it\/view\/59c0d19e-b60f-4b82-b154-427a31a96150\"><span style=\"color: #000080;\">Obiettivi di accessibilit\u00e0 sito 2024<\/span><\/a><\/p>\n\n","protected":false},"excerpt":{"rendered":"<p>Dichiarazione di accessibilit\u00e0 2022 Dichiarazione di accessibilit\u00e0 2023 Obiettivi di accessibilit\u00e0 sito 2023 Dichiarazione di accessibilit\u00e0 2024 Obiettivi di accessibilit\u00e0 sito 2024<\/p>\n","protected":false},"author":1,"featured_media":0,"parent":0,"menu_order":0,"comment_status":"closed","ping_status":"closed","template":"","meta":{"footnotes":""},"yoast_head":"<!-- This site is optimized with the Yoast SEO plugin v21.5 - https:\/\/yoast.com\/wordpress\/plugins\/seo\/ -->\n<title>Dichiarazione di accessibilit\u00e0 - Istituto Comprensivo Eduardo De Filippo - Villanova<\/title>\n<meta name=\"robots\" content=\"index, follow, max-snippet:-1, max-image-preview:large, max-video-preview:-1\" \/>\n<link rel=\"canonical\" href=\"https:\/\/www.icdefilippovillanova.edu.it\/archivio\/dichiarazione-di-accessibilita\/\" \/>\n<meta property=\"og:locale\" content=\"it_IT\" \/>\n<meta property=\"og:type\" content=\"article\" \/>\n<meta property=\"og:title\" content=\"Dichiarazione di accessibilit\u00e0 - Istituto Comprensivo Eduardo De Filippo - Villanova\" \/>\n<meta property=\"og:description\" content=\"Dichiarazione di accessibilit\u00e0 2022 Dichiarazione di accessibilit\u00e0 2023 Obiettivi di accessibilit\u00e0 sito 2023 Dichiarazione di accessibilit\u00e0 2024 Obiettivi di accessibilit\u00e0 sito 2024\" \/>\n<meta property=\"og:url\" content=\"https:\/\/www.icdefilippovillanova.edu.it\/archivio\/dichiarazione-di-accessibilita\/\" \/>\n<meta property=\"og:site_name\" content=\"Istituto Comprensivo Eduardo De Filippo - Villanova\" \/>\n<meta property=\"article:modified_time\" content=\"2023-09-04T14:58:39+00:00\" \/>\n<meta name=\"twitter:card\" content=\"summary_large_image\" \/>\n<meta name=\"twitter:label1\" content=\"Tempo di lettura stimato\" \/>\n\t<meta name=\"twitter:data1\" content=\"1 minuto\" \/>\n<script type=\"application\/ld+json\" class=\"yoast-schema-graph\">{\"@context\":\"https:\/\/schema.org\",\"@graph\":[{\"@type\":\"WebPage\",\"@id\":\"https:\/\/www.icdefilippovillanova.edu.it\/archivio\/dichiarazione-di-accessibilita\/\",\"url\":\"https:\/\/www.icdefilippovillanova.edu.it\/archivio\/dichiarazione-di-accessibilita\/\",\"name\":\"Dichiarazione di accessibilit\u00e0 - Istituto Comprensivo Eduardo De Filippo - Villanova\",\"isPartOf\":{\"@id\":\"https:\/\/www.icdefilippovillanova.edu.it\/archivio\/#website\"},\"datePublished\":\"2020-09-25T18:28:32+00:00\",\"dateModified\":\"2023-09-04T14:58:39+00:00\",\"breadcrumb\":{\"@id\":\"https:\/\/www.icdefilippovillanova.edu.it\/archivio\/dichiarazione-di-accessibilita\/#breadcrumb\"},\"inLanguage\":\"it-IT\",\"potentialAction\":[{\"@type\":\"ReadAction\",\"target\":[\"https:\/\/www.icdefilippovillanova.edu.it\/archivio\/dichiarazione-di-accessibilita\/\"]}]},{\"@type\":\"BreadcrumbList\",\"@id\":\"https:\/\/www.icdefilippovillanova.edu.it\/archivio\/dichiarazione-di-accessibilita\/#breadcrumb\",\"itemListElement\":[{\"@type\":\"ListItem\",\"position\":1,\"name\":\"Home\",\"item\":\"https:\/\/www.icdefilippovillanova.edu.it\/archivio\/\"},{\"@type\":\"ListItem\",\"position\":2,\"name\":\"Dichiarazione di accessibilit\u00e0\"}]},{\"@type\":\"WebSite\",\"@id\":\"https:\/\/www.icdefilippovillanova.edu.it\/archivio\/#website\",\"url\":\"https:\/\/www.icdefilippovillanova.edu.it\/archivio\/\",\"name\":\"Istituto Comprensivo Eduardo De Filippo - Villanova\",\"description\":\"\",\"potentialAction\":[{\"@type\":\"SearchAction\",\"target\":{\"@type\":\"EntryPoint\",\"urlTemplate\":\"https:\/\/www.icdefilippovillanova.edu.it\/archivio\/?s={search_term_string}\"},\"query-input\":\"required name=search_term_string\"}],\"inLanguage\":\"it-IT\"}]}<\/script>\n<!-- \/ Yoast SEO plugin. -->","yoast_head_json":{"title":"Dichiarazione di accessibilit\u00e0 - Istituto Comprensivo Eduardo De Filippo - Villanova","robots":{"index":"index","follow":"follow","max-snippet":"max-snippet:-1","max-image-preview":"max-image-preview:large","max-video-preview":"max-video-preview:-1"},"canonical":"https:\/\/www.icdefilippovillanova.edu.it\/archivio\/dichiarazione-di-accessibilita\/","og_locale":"it_IT","og_type":"article","og_title":"Dichiarazione di accessibilit\u00e0 - Istituto Comprensivo Eduardo De Filippo - Villanova","og_description":"Dichiarazione di accessibilit\u00e0 2022 Dichiarazione di accessibilit\u00e0 2023 Obiettivi di accessibilit\u00e0 sito 2023 Dichiarazione di accessibilit\u00e0 2024 Obiettivi di accessibilit\u00e0 sito 2024","og_url":"https:\/\/www.icdefilippovillanova.edu.it\/archivio\/dichiarazione-di-accessibilita\/","og_site_name":"Istituto Comprensivo Eduardo De Filippo - Villanova","article_modified_time":"2023-09-04T14:58:39+00:00","twitter_card":"summary_large_image","twitter_misc":{"Tempo di lettura stimato":"1 minuto"},"schema":{"@context":"https:\/\/schema.org","@graph":[{"@type":"WebPage","@id":"https:\/\/www.icdefilippovillanova.edu.it\/archivio\/dichiarazione-di-accessibilita\/","url":"https:\/\/www.icdefilippovillanova.edu.it\/archivio\/dichiarazione-di-accessibilita\/","name":"Dichiarazione di accessibilit\u00e0 - Istituto Comprensivo Eduardo De Filippo - Villanova","isPartOf":{"@id":"https:\/\/www.icdefilippovillanova.edu.it\/archivio\/#website"},"datePublished":"2020-09-25T18:28:32+00:00","dateModified":"2023-09-04T14:58:39+00:00","breadcrumb":{"@id":"https:\/\/www.icdefilippovillanova.edu.it\/archivio\/dichiarazione-di-accessibilita\/#breadcrumb"},"inLanguage":"it-IT","potentialAction":[{"@type":"ReadAction","target":["https:\/\/www.icdefilippovillanova.edu.it\/archivio\/dichiarazione-di-accessibilita\/"]}]},{"@type":"BreadcrumbList","@id":"https:\/\/www.icdefilippovillanova.edu.it\/archivio\/dichiarazione-di-accessibilita\/#breadcrumb","itemListElement":[{"@type":"ListItem","position":1,"name":"Home","item":"https:\/\/www.icdefilippovillanova.edu.it\/archivio\/"},{"@type":"ListItem","position":2,"name":"Dichiarazione di accessibilit\u00e0"}]},{"@type":"WebSite","@id":"https:\/\/www.icdefilippovillanova.edu.it\/archivio\/#website","url":"https:\/\/www.icdefilippovillanova.edu.it\/archivio\/","name":"Istituto Comprensivo Eduardo De Filippo - Villanova","description":"","potentialAction":[{"@type":"SearchAction","target":{"@type":"EntryPoint","urlTemplate":"https:\/\/www.icdefilippovillanova.edu.it\/archivio\/?s={search_term_string}"},"query-input":"required name=search_term_string"}],"inLanguage":"it-IT"}]}},"_links":{"self":[{"href":"https:\/\/www.icdefilippovillanova.edu.it\/archivio\/wp-json\/wp\/v2\/pages\/14321"}],"collection":[{"href":"https:\/\/www.icdefilippovillanova.edu.it\/archivio\/wp-json\/wp\/v2\/pages"}],"about":[{"href":"https:\/\/www.icdefilippovillanova.edu.it\/archivio\/wp-json\/wp\/v2\/types\/page"}],"author":[{"embeddable":true,"href":"https:\/\/www.icdefilippovillanova.edu.it\/archivio\/wp-json\/wp\/v2\/users\/1"}],"replies":[{"embeddable":true,"href":"https:\/\/www.icdefilippovillanova.edu.it\/archivio\/wp-json\/wp\/v2\/comments?post=14321"}],"version-history":[{"count":9,"href":"https:\/\/www.icdefilippovillanova.edu.it\/archivio\/wp-json\/wp\/v2\/pages\/14321\/revisions"}],"predecessor-version":[{"id":20379,"href":"https:\/\/www.icdefilippovillanova.edu.it\/archivio\/wp-json\/wp\/v2\/pages\/14321\/revisions\/20379"}],"wp:attachment":[{"href":"https:\/\/www.icdefilippovillanova.edu.it\/archivio\/wp-json\/wp\/v2\/media?parent=14321"}],"curies":[{"name":"wp","href":"https:\/\/api.w.org\/{rel}","templated":true}]}}